{"id":1079,"date":"2019-08-08T21:07:37","date_gmt":"2019-08-08T21:07:37","guid":{"rendered":"http:\/\/www.spvggbaiertal.de\/wp\/?page_id=1079"},"modified":"2021-12-12T11:56:08","modified_gmt":"2021-12-12T11:56:08","slug":"partner","status":"publish","type":"page","link":"https:\/\/www.spvggbaiertal.de\/wp\/verein\/partner\/","title":{"rendered":"Partner"},"content":{"rendered":"<div  class=\"about-9 content-section content-section-spacing\" id=\"about-1\" style=\"background-color: rgb(255, 255, 255);\" data-export-id=\"about-9\" data-category=\"about\" data-id=\"about--1\" data-label=\"About\"><div  class=\"gridContainer\"> <div  class=\"row middle-sm text-center\"><div  class=\"col-sm-5 space-bottom-xs content-column content-right-sm\" data-type=\"column\"> <h5  class=\"\">Ehrenamt f\u00f6rdern<\/h5><h2  style=\"border-bottom-color: rgb(251, 192, 45);\" class=\"\">Vielen Dank an unsere Partner<\/h2><p  class=\"lead\">Wir bieten unseren Partner verschiedene Sponsoring-Pakete an. Von unserem Basis-Paket bis hin zur Premium-Partnerschaft ist f\u00fcr jeden etwas dabei. N\u00e4here Informationen zu unseren Paketen erhalten Sie direkt \u00fcber unser Kontaktformular.<\/p><a class=\"button color7\" href=\"https:\/\/www.spvggbaiertal.de\/wp\/verein\/sponsoren\/www.spvggbaiertal.de\/wp\/kontakt\" target=\"_self\" rel=\"noopener noreferrer\" data-icon=\"\" data-cp-link=\"1\">Sponsor werden!<\/a><\/div> <div  class=\"col-sm-7 flexbox flexbox middle-xs center-xs space-bottom-xs\"><div  class=\"overlay-box flexbox middle-xs center-xs overlay-holder \"> <div  class=\"overlay-box-offset offset-background shadow-medium bg-color2 hide-xs\"><\/div> <img decoding=\"async\"  title=\"cropped-IMG_5506_web.jpg\" class=\"flexbox shadow-large img1\" alt=\"\" src=\"http:\/\/www.spvggbaiertal.de\/wp\/wp-content\/uploads\/2019\/08\/cropped-IMG_5506_web.jpg\" data-size=\"600x400\"><\/div> <\/div><\/div> <\/div><\/div><div  data-label=\"Features\" data-id=\"features--1\" data-export-id=\"features-13\" data-category=\"features\" class=\"features-13 content-section content-section-spacing\" id=\"features-1\" style=\"background-color: rgb(245, 250, 253);\"><div  class=\"gridContainer\"> <div  class=\"row text-center\"><div  class=\"section-title-col\" data-type=\"column\"> <h2  class=\"\">Unsere Partner im \u00dcberblick<\/h2> <p  class=\"lead\"><a data-mce-href=\"http:\/\/www.apotheke-baiertal.de\/\" href=\"http:\/\/www.apotheke-baiertal.de\" target=\"_blank\" rel=\"noopener noreferrer\" data-mce-selected=\"inline-boundary\" data-cp-link=\"1\" class=\"\">Apotheke Baierta\n<\/a>l<br ><a data-mce-href=\"https:\/\/www.nissan-pmueller-heidelberg.de\/de\/startseite\" href=\"https:\/\/www.nissan-pmueller-heidelberg.de\/de\/startseite\" target=\"_blank\" rel=\"noopener noreferrer\" data-mce-selected=\"inline-boundary\" data-cp-link=\"1\">Autohaus Peter M\u00fcller GmbH<\/a><br ><a href=\"https:\/\/www.brenner-bestattungen.de\" target=\"_blank\" rel=\"noopener noreferrer\" data-mce-href=\"https:\/\/www.brenner-bestattungen.de\/\" data-mce-selected=\"inline-boundary\" data-cp-link=\"1\" class=\"\">Bestattungsunternehmen Brenner<\/a><br ><a href=\"https:\/\/www.busbetrieb-laier-wiesloch.de\" target=\"_blank\" rel=\"noopener noreferrer\" data-mce-href=\"https:\/\/www.busbetrieb-laier-wiesloch.de\/\" data-cp-link=\"1\" class=\"\" data-mce-selected=\"inline-boundary\">Busbetrieb Laier GmbH<\/a>\n<br ><a href=\"https:\/\/www.dachsenfranz.de\" target=\"_blank\" rel=\"noopener noreferrer\" data-mce-href=\"https:\/\/www.dachsenfranz.de\/\" data-cp-link=\"1\" data-mce-selected=\"inline-boundary\" class=\"\">Dachsenfranz Biermanufaktur GmbH &amp; Co KG<\/a>&nbsp;<a data-mce-href=\"https:\/\/www.farben-schreibwaren-frank-wiesloch.de\/\" href=\"https:\/\/www.farben-schreibwaren-frank-wiesloch.de\" target=\"_blank\" rel=\"noopener noreferrer\" data-mce-selected=\"inline-boundary\" data-cp-link=\"1\" class=\"\"><\/a><br ><a href=\"https:\/\/www.draht-mayr.de\" target=\"_blank\" rel=\"noopener noreferrer\" data-mce-href=\"https:\/\/www.draht-mayr.de\/\" data-mce-selected=\"inline-boundary\" data-cp-link=\"1\" class=\"\">Draht Mayr GmbH<\/a>\n<br ><a href=\"https:\/\/putzke-elektro.de\" target=\"_blank\" rel=\"noopener noreferrer\" data-mce-href=\"https:\/\/putzke-elektro.de\/\" data-mce-selected=\"inline-boundary\" data-cp-link=\"1\" class=\"\">Elektro-Putzke<\/a><br ><a href=\"https:\/\/www.filsinger-fensterbau.de\" target=\"_blank\" rel=\"noopener noreferrer\" data-mce-href=\"https:\/\/www.filsinger-fensterbau.de\/\" data-mce-selected=\"inline-boundary\" data-cp-link=\"1\" class=\"\">Filsinger Kunststoff-Fensterbau Gmb<\/a><br ><a data-mce-href=\"https:\/\/www.futternapf-gmbh.de\/\" href=\"https:\/\/www.futternapf-gmbh.de\" target=\"_blank\" rel=\"noopener noreferrer\" data-mce-selected=\"inline-boundary\" data-cp-link=\"1\" class=\"\">Futternapf Tiernahrungshandels- u. Vetriebs GmbH<\/a><br >\n<a data-mce-href=\"https:\/\/www.schindler-hochbau.de\/\" href=\"https:\/\/www.schindler-hochbau.de\" target=\"_blank\" rel=\"noopener noreferrer\" data-mce-selected=\"inline-boundary\" data-cp-link=\"1\" class=\"\">Gebr\u00fcder Schindler Hochbau Gmb<\/a><br ><a data-mce-href=\"https:\/\/goo.gl\/maps\/xEL7ePteisfRETB28\" href=\"https:\/\/goo.gl\/maps\/xEL7ePteisfRETB28\" target=\"_blank\" rel=\"noopener noreferrer\" data-mce-selected=\"inline-boundary\" data-cp-link=\"1\" class=\"\">Ivman International<\/a><br ><a href=\"https:\/\/www.dasoertliche.de\/Themen\/K%C3%B6rner-Steffen-Blechnerei-Sanit%C3%A4r-Wiesloch-Baiertal-Schlesierstr\" target=\"_blank\" rel=\"noopener noreferrer\" data-mce-href=\"https:\/\/www.dasoertliche.de\/Themen\/K%C3%B6rner-Steffen-Blechnerei-Sanit%C3%A4r-Wiesloch-Baiertal-Schlesierstr\" data-cp-link=\"1\" class=\"\" data-mce-selected=\"inline-boundary\">K\u00f6rner Steffen Blechnerei Sanit\u00e4r<\/a>\n<br ><a href=\"http:\/\/www.laier-fliesen.de\" target=\"_blank\" rel=\"noopener noreferrer\" data-mce-href=\"http:\/\/www.laier-fliesen.de\/\" data-cp-link=\"1\" class=\"\" data-mce-selected=\"inline-boundary\">Laier Fliesen &amp; Natursteine GmbH<\/a>\n<br ><a href=\"https:\/\/www.metzgerei-seltenreich.de\" target=\"_blank\" rel=\"noopener noreferrer\" data-mce-href=\"https:\/\/www.metzgerei-seltenreich.de\/\" data-cp-link=\"1\" data-mce-selected=\"inline-boundary\" class=\"\">Metzgerei Seltenreich<\/a>\n<br ><a href=\"https:\/\/www.diepreisbomben.de\" target=\"_blank\" rel=\"noopener noreferrer\" data-mce-href=\"https:\/\/www.diepreisbomben.de\/\" data-cp-link=\"1\" class=\"\" data-mce-selected=\"inline-boundary\">N.F.P. Preisbombe GmbH &amp; Co. KG<\/a>\n<br ><a href=\"https:\/\/goo.gl\/maps\/fAK1Ddr5CrH2pfcx9\" target=\"_blank\" rel=\"noopener noreferrer\" data-mce-href=\"https:\/\/goo.gl\/maps\/fAK1Ddr5CrH2pfcx9\" data-cp-link=\"1\" class=\"\" data-mce-selected=\"inline-boundary\">Nico`s Eisstube\n<\/a><br ><a href=\"https:\/\/www.obsthof-gefaeller.de\" target=\"_blank\" rel=\"noopener noreferrer\" data-mce-href=\"https:\/\/www.obsthof-gefaeller.de\/\" data-cp-link=\"1\" data-mce-selected=\"inline-boundary\" class=\"\">Obstbau Gef\u00e4ller GB<\/a>R<br ><a href=\"https:\/\/www.raiffeisen-privatbank.de\/startseite.html\" target=\"_blank\" rel=\"noopener noreferrer\" data-mce-href=\"https:\/\/www.raiffeisen-privatbank.de\/startseite.html\" data-cp-link=\"1\" data-mce-selected=\"inline-boundary\" class=\"\">Raiffeisen Bank Baiertal<\/a><br ><a href=\"https:\/\/www.schlossereihuber-pb.de\/startseite\" target=\"_blank\" rel=\"noopener noreferrer\" data-mce-href=\"https:\/\/www.schlossereihuber-pb.de\/startseite\" data-cp-link=\"1\" data-mce-selected=\"inline-boundary\" class=\"\">Schlosserei Huber GmbH<\/a><br ><a href=\"https:\/\/www.sparkasse-heidelberg.de\" target=\"_blank\" rel=\"noopener noreferrer\" data-mce-href=\"https:\/\/www.sparkasse-heidelberg.de\/\" data-cp-link=\"1\" data-mce-selected=\"inline-boundary\" class=\"\">Sparkasse Heidelberg<\/a>\n<br ><a href=\"http:\/\/www.gartenservice-dziasek.de\" target=\"_blank\" rel=\"noopener noreferrer\" data-mce-href=\"http:\/\/www.gartenservice-dziasek.de\/\" data-cp-link=\"1\" class=\"\">Tomasz Dziasek Haus- u. Gartenservice<\/a>\n<br ><a href=\"https:\/\/www.wahl-elektrotechnik.de\" target=\"_blank\" rel=\"noopener noreferrer\" data-mce-href=\"https:\/\/www.wahl-elektrotechnik.de\/\" data-cp-link=\"1\" class=\"\">Wahl ELEKTROTECHNIK GmbH &amp; Co. KG<\/a>\n<br ><a href=\"https:\/\/www.weick-haustechnik.de\" target=\"_blank\" rel=\"noopener noreferrer\" data-mce-href=\"https:\/\/www.weick-haustechnik.de\/\" data-mce-selected=\"inline-boundary\" data-cp-link=\"1\" class=\"\">Weick, Andr\u00e9 Sanit\u00e4r Heizungs- und L\u00fcftungsbau GmbH<\/a>\n<br ><a href=\"https:\/\/www.whb-wiesloch.de\/home\" target=\"_blank\" rel=\"noopener noreferrer\" data-mce-href=\"https:\/\/www.whb-wiesloch.de\/home\/\" data-mce-selected=\"inline-boundary\" data-cp-link=\"1\" class=\"\">WHB \u2013&nbsp;Wieslocher Handwerker Baugesellschaft mbH<\/a><\/p><\/div> <\/div> <div  class=\"row spaced-cols\" data-type=\"row\">     <div  class=\"col col-sm-6 col-md-3 space-bottom\">   <\/div><\/div><\/div> <\/div>","protected":false},"excerpt":{"rendered":"<p>Ehrenamt f\u00f6rdernVielen Dank an unsere PartnerWir bieten unseren Partner verschiedene Sponsoring-Pakete an. Von unserem Basis-Paket bis hin zur Premium-Partnerschaft ist f\u00fcr jeden etwas dabei. N\u00e4here Informationen zu unseren Paketen erhalten Sie direkt \u00fcber unser Kontaktformular.Sponsor werden! Unsere Partner im \u00dcberblick Apotheke Baierta lAutohaus Peter M\u00fcller GmbHBestattungsunternehmen BrennerBusbetrieb Laier GmbH Dachsenfranz Biermanufaktur GmbH &amp; Co KG&nbsp;Draht&hellip; <br \/> <a class=\"read-more\" href=\"https:\/\/www.spvggbaiertal.de\/wp\/verein\/partner\/\">Read more<\/a><\/p>\n","protected":false},"author":1,"featured_media":0,"parent":111,"menu_order":5,"comment_status":"closed","ping_status":"closed","template":"pro\/page-templates\/full-width-page.php","meta":{"_monsterinsights_skip_tracking":false,"_monsterinsights_sitenote_active":false,"_monsterinsights_sitenote_note":"","_monsterinsights_sitenote_category":0},"_links":{"self":[{"href":"https:\/\/www.spvggbaiertal.de\/wp\/wp-json\/wp\/v2\/pages\/1079"}],"collection":[{"href":"https:\/\/www.spvggbaiertal.de\/wp\/wp-json\/wp\/v2\/pages"}],"about":[{"href":"https:\/\/www.spvggbaiertal.de\/wp\/wp-json\/wp\/v2\/types\/page"}],"author":[{"embeddable":true,"href":"https:\/\/www.spvggbaiertal.de\/wp\/wp-json\/wp\/v2\/users\/1"}],"replies":[{"embeddable":true,"href":"https:\/\/www.spvggbaiertal.de\/wp\/wp-json\/wp\/v2\/comments?post=1079"}],"version-history":[{"count":17,"href":"https:\/\/www.spvggbaiertal.de\/wp\/wp-json\/wp\/v2\/pages\/1079\/revisions"}],"predecessor-version":[{"id":1910,"href":"https:\/\/www.spvggbaiertal.de\/wp\/wp-json\/wp\/v2\/pages\/1079\/revisions\/1910"}],"up":[{"embeddable":true,"href":"https:\/\/www.spvggbaiertal.de\/wp\/wp-json\/wp\/v2\/pages\/111"}],"wp:attachment":[{"href":"https:\/\/www.spvggbaiertal.de\/wp\/wp-json\/wp\/v2\/media?parent=1079"}],"curies":[{"name":"wp","href":"https:\/\/api.w.org\/{rel}","templated":true}]}}