{"id":1972,"date":"2021-12-12T13:14:16","date_gmt":"2021-12-12T13:14:16","guid":{"rendered":"http:\/\/www.spvggbaiertal.de\/wp\/?page_id=1972"},"modified":"2021-12-12T13:17:52","modified_gmt":"2021-12-12T13:17:52","slug":"weihnachtsgruss-2021","status":"publish","type":"page","link":"https:\/\/www.spvggbaiertal.de\/wp\/presse\/weihnachtsgruss-2021\/","title":{"rendered":"Weihnachtsgru\u00df 2021"},"content":{"rendered":"<div  class=\"content-12 content-section content-section-spacing\" id=\"content-4\" style=\"background-image: none; background-color: rgb(255, 255, 255);\" data-label=\"Content\" data-id=\"content--4\" data-export-id=\"content-12\" data-category=\"content\"><div  class=\"gridContainer\"> <div  class=\"row text-center\"><div  class=\"section-title-col\" data-type=\"column\">  <p  class=\"lead\" style=\"text-align: left;\">Liebe Baiertaler\/-innen,<br >\r\nliebe SpVGG\u2019ler\/-innen,\r\n<br ><br >\r\nwir lassen uns nicht unterkriegen \u2013 wir hoffen, Sie auch nicht. Leider ist im zweiten Jahr unserer Jahresausgabe von \u201eSportw\u00e4rts\u201c Corona aktueller denn je. Dennoch hoffen wir sehr, dass es Ihnen und Ihren Liebsten gut geht. In dieser Zeit ist Gesundheit das Allerwichtigste. Wir als Verein versuchen, unseren Beitrag zu Ihrer Gesundheit als auch zum sozialen Miteinander zu leisten. Neben Inzidenzen sind wir nun auch im Umgang mit Basisstufe, Warnstufe, Alarmstufe sowie Hospitalisierungsrate und Belegung von Intensivbetten \u201efit\u201c. Wir haben stets versucht, unter den gegebenen Regeln das Sportangebot bestm\u00f6glich f\u00fcr Sie aufrechtzuhalten.\r\n<br ><br >\r\nF\u00fcr uns als Verein ist es wirklich hart, Unterschiede bei unseren Mitgliedern machen zu m\u00fcssen. Doch auch wir haben eine gesellschaftliche Verantwortung und wir halten uns mit voller \u00dcberzeugung an die aktuellen Regelungen im Vereinsbetrieb. Daher sagen wir Ihnen recht herzlich DANKE f\u00fcr Ihr Verst\u00e4ndnis und Treue zu unserem Verein.\r\n<br ><br >\r\nWir alle w\u00fcnschen uns f\u00fcr 2022 ein vollkommen normales Jahr mit dem allt\u00e4glichen (positiven) Wahnsinn, welches unser Vereinsleben \u2013 auch ohne Corona \u2013 so bietet. In diesem Zuge m\u00f6chten wir allen Mitgliedern, Sponsoren &amp; Helfern f\u00fcr die Unterst\u00fctzung danken.\r\n<br ><br >\r\nIhnen und Ihren Familien w\u00fcnschen wir ein friedvolles und gesegnetes Weihnachtsfest. Genie\u00dfen Sie die ruhige Zeit und erholen Sie sich von den aktuellen Geschehnissen.\r\n<br ><br >\r\nWir freuen uns auf ein gemeinsames Jahr 2022!\r\n<br ><br >\r\nMit freundlichen Gr\u00fc\u00dfen\r\n<br ><br >Patrick Laier (Vorstand)\r\n<br >Michael Filsinger (stellv. Vorstand)\r\n<br >Beate Raab (stellv. Vorstand)<\/p><a class=\"button color7\" href=\"https:\/\/www.spvggbaiertal.de\/wp\/news\/presse\/jahresausgabe-2021\" target=\"_self\" data-cp-link=\"1\" data-icon=\"\" rel=\"noopener noreferrer\">Zur Jahresausgabe 2021<\/a><\/div> <\/div> <div  class=\"row center-xs middle-xs\"> <div  class=\"col-sm-9\" data-type=\"column\"> <\/div> <\/div><\/div> <\/div>","protected":false},"excerpt":{"rendered":"<p>Liebe Baiertaler\/-innen, liebe SpVGG\u2019ler\/-innen, wir lassen uns nicht unterkriegen \u2013 wir hoffen, Sie auch nicht. Leider ist im zweiten Jahr unserer Jahresausgabe von \u201eSportw\u00e4rts\u201c Corona aktueller denn je. Dennoch hoffen wir sehr, dass es Ihnen und Ihren Liebsten gut geht. In dieser Zeit ist Gesundheit das Allerwichtigste. Wir als Verein versuchen, unseren Beitrag zu Ihrer&hellip; <br \/> <a class=\"read-more\" href=\"https:\/\/www.spvggbaiertal.de\/wp\/presse\/weihnachtsgruss-2021\/\">Read more<\/a><\/p>\n","protected":false},"author":1,"featured_media":0,"parent":1500,"menu_order":2,"comment_status":"closed","ping_status":"closed","template":"pro\/page-templates\/full-width-page.php","meta":{"_monsterinsights_skip_tracking":false,"_monsterinsights_sitenote_active":false,"_monsterinsights_sitenote_note":"","_monsterinsights_sitenote_category":0},"_links":{"self":[{"href":"https:\/\/www.spvggbaiertal.de\/wp\/wp-json\/wp\/v2\/pages\/1972"}],"collection":[{"href":"https:\/\/www.spvggbaiertal.de\/wp\/wp-json\/wp\/v2\/pages"}],"about":[{"href":"https:\/\/www.spvggbaiertal.de\/wp\/wp-json\/wp\/v2\/types\/page"}],"author":[{"embeddable":true,"href":"https:\/\/www.spvggbaiertal.de\/wp\/wp-json\/wp\/v2\/users\/1"}],"replies":[{"embeddable":true,"href":"https:\/\/www.spvggbaiertal.de\/wp\/wp-json\/wp\/v2\/comments?post=1972"}],"version-history":[{"count":2,"href":"https:\/\/www.spvggbaiertal.de\/wp\/wp-json\/wp\/v2\/pages\/1972\/revisions"}],"predecessor-version":[{"id":1978,"href":"https:\/\/www.spvggbaiertal.de\/wp\/wp-json\/wp\/v2\/pages\/1972\/revisions\/1978"}],"up":[{"embeddable":true,"href":"https:\/\/www.spvggbaiertal.de\/wp\/wp-json\/wp\/v2\/pages\/1500"}],"wp:attachment":[{"href":"https:\/\/www.spvggbaiertal.de\/wp\/wp-json\/wp\/v2\/media?parent=1972"}],"curies":[{"name":"wp","href":"https:\/\/api.w.org\/{rel}","templated":true}]}}