{"id":828,"date":"2019-08-06T14:16:07","date_gmt":"2019-08-06T14:16:07","guid":{"rendered":"http:\/\/www.spvggbaiertal.de\/wp\/?page_id=828"},"modified":"2024-10-20T08:07:10","modified_gmt":"2024-10-20T08:07:10","slug":"2-mannschaft","status":"publish","type":"page","link":"https:\/\/www.spvggbaiertal.de\/wp\/fussball\/2-mannschaft\/","title":{"rendered":"2. Mannschaft"},"content":{"rendered":"<div  class=\"about-9 content-section content-section-spacing\" id=\"about-2\" style=\"background-color: rgb(255, 255, 255);\" data-label=\"About\" data-id=\"about--2\" data-export-id=\"about-9\" data-category=\"about\"><div  class=\"gridContainer\"> <div  class=\"row middle-sm text-center\"><div  class=\"col-sm-5 space-bottom-xs content-column content-right-sm\" data-type=\"column\"> <h5  class=\"\">Aktive<\/h5><h2  style=\"border-bottom-color: rgb(251, 192, 45);\" class=\"\">\u201eSportlich. Fair. Tolerant.\u201c<\/h2><p  class=\"\">Im Herrenbereich spielt die SpVgg Baiertal in einer SG mit der FC Fortuna Schatthausen. Aktuell ist die SG in der Kreisliga und in der B- sowie C-Klasse vertreten, sodass f\u00fcr alle Spieler jedes Leistungsniveaus Angebote geschaffen sind. Unser Ziel ist eine hohe Durchl\u00e4ssigkeit der eigenen Jugendspieler in den Aktiven Bereich zu gew\u00e4hrleisten und somit eine hohe Identifikation zu schaffen<\/p> <a class=\"button color7\" href=\"http:\/\/www.fussball.de\/mannschaft\/spg-schatthausen-baiertal-2-fc-fortuna-schatthausen-baden\/-\/saison\/1920\/team-id\/011MIBHDQC000000VTVG0001VTR8C1K7\/#!\" target=\"_blank\" rel=\"noopener noreferrer\" data-cp-link=\"1\" data-icon=\"\">2. Mannschaft \u2013 Ergebnisse und Tabelle<\/a><\/div> <div  class=\"col-sm-7 flexbox flexbox middle-xs center-xs space-bottom-xs\"><div  class=\"overlay-box flexbox middle-xs center-xs overlay-holder \"> <div  class=\"overlay-box-offset offset-background shadow-medium bg-color2 hide-xs\"><\/div> <img decoding=\"async\"  title=\"cropped-WhatsApp-Image-2022-11-20-at-10.45.30-1.jpeg\" class=\"flexbox shadow-large img1\" alt=\"\" src=\"http:\/\/www.spvggbaiertal.de\/wp\/wp-content\/uploads\/2022\/11\/cropped-WhatsApp-Image-2022-11-20-at-10.45.30-1.jpeg\" data-size=\"600x400\"><\/div> <\/div><\/div> <\/div><\/div><div  class=\"features-12-card-bordered-colored content-section content-section-spacing\" id=\"features-1\" style=\"background-image: none; background-color: rgb(245, 250, 253);\" data-label=\"Features\" data-id=\"features--1\" data-export-id=\"features-12-card-bordered-colored\" data-category=\"features\"><div  class=\"gridContainer\"><div  class=\"row text-center\"><div  class=\"section-title-col\" data-type=\"column\"><h2  style=\"border-bottom-color: rgb(251, 192, 45);\" class=\"\" data-lt-tmp-id=\"lt-493654\" data-gramm=\"false\">M2<\/h2><p  class=\"lead\">Sportlicher Ehrgeiz,  Fairness und Toleranz dem Gegner, Mitspieler und Schiedsrichter gegen\u00fcber \r\n<br >sind unsere Prinzipien.<\/p><\/div> <\/div> <div  class=\"row spaced-cols\" data-type=\"row\"> <div  class=\"col-xs-12 col-sm-6\"> <div  class=\"card row-card bottom-border-color7\"> <div  class=\"row\"> <div  class=\"col-sm-fit icon-column\"> <i  class=\"fa icon fa-bullhorn bordered round color7\"><\/i> <\/div> <div  class=\"col-sm\" data-type=\"column\"> <h5  class=\"color2\"><span  style=\"color: #004f9f;\">Erwartungen an die Trainer<\/span><\/h5> <p  class=\"\">Die Trainer haben entsprechende Lizenzen. Sie engagieren sich im Verein, nehmen ihre sportlichen wie auch sozialen Aufgaben wahr und sind sich hierbei stets ihrer Vorbildfunktion gegen\u00fcber Spielern und Mitgliedern bewusst.<\/p><\/div> <\/div><\/div> <\/div> <div  class=\"col-xs-12 col-sm-6\"> <div  class=\"card row-card bottom-border-color7\"> <div  class=\"row\"> <div  class=\"col-sm-fit icon-column\"> <i  class=\"fa icon fa-group bordered round color7\"><\/i> <\/div> <div  class=\"col-sm\" data-type=\"column\"> <h5  class=\"color2\"><span  style=\"color: #004f9f;\">Erwartungen an die Spieler<\/span><\/h5> <p  class=\"\">Die Spieler repr\u00e4sentieren den Verein nach au\u00dfen. Demnach erwarten wir gem\u00e4\u00df unserem Leitbild ein sportliches, faires und tolerantes Auftreten aller Beteiligten. Wir erwarten einen wertsch\u00e4tzenden Umgang und eine offene Kommunikation gegen\u00fcber Mitspielern, Trainern, Schiedsrichtern und Gegnern vor, w\u00e4hrend und nach dem Spiel.<\/p><\/div> <\/div><\/div> <\/div> <div  class=\"col-xs-12 col-sm-6\"> <div  class=\"card row-card bottom-border-color7\"> <div  class=\"row\"> <div  class=\"col-sm-fit icon-column\"> <i  class=\"fa icon fa-clock-o bordered round color7\"><\/i> <\/div> <div  class=\"col-sm\" data-type=\"column\"> <h5  class=\"color2\"><span  style=\"color: #004f9f;\">Aktuelle Trainingszeiten<\/span><\/h5> <p  class=\"\" data-lt-tmp-id=\"lt-774996\" data-gramm=\"false\"><span  style=\"font-weight: bold;\">in Schatthausen<\/span><br >\r\nDienstags: 19:30 Uhr<br >\r\nDonnerstag: 19:30 Uhr\r\n<br ><br >\r\nggfs. \u00c4nderungen je nach Wetter<\/p><\/div> <\/div><\/div> <\/div> <div  class=\"col-xs-12 col-sm-6\"> <div  class=\"card row-card bottom-border-color7\"> <div  class=\"row\"> <div  class=\"col-sm-fit icon-column\"> <i  class=\"fa icon fa-address-card-o bordered round color7\"><\/i> <\/div> <div  class=\"col-sm\" data-type=\"column\"> <h5  class=\"color2\"><span  style=\"color: #004f9f;\">Kontaktdaten<\/span><\/h5> <p  class=\"\" data-lt-tmp-id=\"lt-251471\" data-gramm=\"false\">Kai Singer<br ><span  style=\"font-weight: bold;\">Mobil:<\/span> 01791364307<br ><span  style=\"font-weight: bold;\">E-Mail:<\/span>&nbsp;kai.singer@debeka.de<br ><br >Patrick Dorn (Co-Trainer)<br ><\/p><\/div> <\/div><\/div> <\/div><\/div> <\/div><\/div>","protected":false},"excerpt":{"rendered":"<p>Aktive\u201eSportlich. Fair. Tolerant.\u201cIm Herrenbereich spielt die SpVgg Baiertal in einer SG mit der FC Fortuna Schatthausen. Aktuell ist die SG in der Kreisliga und in der B- sowie C-Klasse vertreten, sodass f\u00fcr alle Spieler jedes Leistungsniveaus Angebote geschaffen sind. Unser Ziel ist eine hohe Durchl\u00e4ssigkeit der eigenen Jugendspieler in den Aktiven Bereich zu gew\u00e4hrleisten und&hellip; <br \/> <a class=\"read-more\" href=\"https:\/\/www.spvggbaiertal.de\/wp\/fussball\/2-mannschaft\/\">Read more<\/a><\/p>\n","protected":false},"author":1,"featured_media":0,"parent":81,"menu_order":2,"comment_status":"closed","ping_status":"closed","template":"pro\/page-templates\/full-width-page.php","meta":{"_monsterinsights_skip_tracking":false,"_monsterinsights_sitenote_active":false,"_monsterinsights_sitenote_note":"","_monsterinsights_sitenote_category":0},"_links":{"self":[{"href":"https:\/\/www.spvggbaiertal.de\/wp\/wp-json\/wp\/v2\/pages\/828"}],"collection":[{"href":"https:\/\/www.spvggbaiertal.de\/wp\/wp-json\/wp\/v2\/pages"}],"about":[{"href":"https:\/\/www.spvggbaiertal.de\/wp\/wp-json\/wp\/v2\/types\/page"}],"author":[{"embeddable":true,"href":"https:\/\/www.spvggbaiertal.de\/wp\/wp-json\/wp\/v2\/users\/1"}],"replies":[{"embeddable":true,"href":"https:\/\/www.spvggbaiertal.de\/wp\/wp-json\/wp\/v2\/comments?post=828"}],"version-history":[{"count":24,"href":"https:\/\/www.spvggbaiertal.de\/wp\/wp-json\/wp\/v2\/pages\/828\/revisions"}],"predecessor-version":[{"id":2253,"href":"https:\/\/www.spvggbaiertal.de\/wp\/wp-json\/wp\/v2\/pages\/828\/revisions\/2253"}],"up":[{"embeddable":true,"href":"https:\/\/www.spvggbaiertal.de\/wp\/wp-json\/wp\/v2\/pages\/81"}],"wp:attachment":[{"href":"https:\/\/www.spvggbaiertal.de\/wp\/wp-json\/wp\/v2\/media?parent=828"}],"curies":[{"name":"wp","href":"https:\/\/api.w.org\/{rel}","templated":true}]}}